{"id":10286,"date":"2022-01-23T15:58:05","date_gmt":"2022-01-23T14:58:05","guid":{"rendered":"https:\/\/www.tausgym.nl\/?page_id=10286"},"modified":"2025-10-06T09:45:43","modified_gmt":"2025-10-06T07:45:43","slug":"taus-gym-2","status":"publish","type":"page","link":"https:\/\/tausgym.nl\/en\/","title":{"rendered":"Taus Gym"},"content":{"rendered":"<div   class=\"wtrSht wtrStandardRow wtrShtBoxedWidth wtrNoAboveMenuRow wtrNoAutoHeightColumns\"  ><div class=\"wtrSht\" style=\"background-color: #ffffff;\" ><div class=\"wtrPageContent vcRow wtrMargin clearfix\">\n\t<div  class=\"wtrStandardColumn  wtrNoRoundedCornersColumn vc_col-sm-12 wpb_column vc_column_container\"  >\n\t\t<div  class=\"wpb_wrapper\">\n\t\t\t\n\t<div class=\"wpb_text_column wpb_content_element\" >\n\t\t<div class=\"wpb_wrapper\">\n\t\t\t<p><!-- Google tag (gtag.js) --><br \/>\n<script async src=\"https:\/\/www.googletagmanager.com\/gtag\/js?id=AW-983348678\"><\/script><br \/>\n<script>\n  window.dataLayer = window.dataLayer || [];\n  function gtag(){dataLayer.push(arguments);}\n  gtag('js', new Date());<\/p>\n<p>  gtag('config', 'AW-983348678');\n<\/script><\/p>\n\n\t\t<\/div> \n\t<\/div> \n\t\t<\/div> \n\t<\/div> <\/div><\/div><\/div><div class=\"wtrNoItemStream wtrShtAlertBox wtrRadius3\"><h6 class=\"wtrNoItemStreamHeadline\">THIS TYPE OF ROW DOESN'T WORK ON A PAGE WITH A SIDEBAR. PLEASE CHANGE THE TYPE OF ROW TO BOXED OR REMOVE THE SIDEBAR.<\/h6><\/div><div class=\"wtrNoItemStream wtrShtAlertBox wtrRadius3\"><h6 class=\"wtrNoItemStreamHeadline\">THIS TYPE OF ROW DOESN'T WORK ON A PAGE WITH A SIDEBAR. PLEASE CHANGE THE TYPE OF ROW TO BOXED OR REMOVE THE SIDEBAR.<\/h6><\/div><div   class=\"wtrSht wtrStandardRow wtrShtBoxedWidth wtrNoAboveMenuRow wtrNoAutoHeightColumns  vc_custom_1657355782597\"  ><div class=\"wtrSht\" style=\"background-color: #ffffff;\" ><div class=\"wtrPageContent vcRow wtrMargin clearfix\">\n\t<div  class=\"wtrStandardColumn  wtrNoRoundedCornersColumn vc_col-sm-12 wpb_column vc_column_container\"  >\n\t\t<div  class=\"wpb_wrapper\">\n\t\t\t<h2 style=\"font-size: 30px;color: #ef1c25;line-height: 1.0;text-align: left;font-family:Montserrat;font-weight:700;font-style:normal\" class=\"vc_custom_heading vc_do_custom_heading\" ><a href=\"\/en\/nieuws\/\">News<\/a><\/h2><h2 style=\"font-size: 20px;color: #545454;line-height: 1.0;text-align: left;font-family:Montserrat;font-weight:400;font-style:normal\" class=\"vc_custom_heading vc_do_custom_heading vc_custom_1749212283365\" ><a href=\"\/en\/nieuws\/\">View our latest posts<\/a><\/h2><div class=\"vc_empty_space\"   style=\"height: 27px\"><span class=\"vc_empty_space_inner\"><\/span><\/div><div class=\"wtrSht wtrShtLastNewsModern clearfix\" ><div data-interval=\"100000\" class=\"wtrShtLastNewsModernCarousel\"><div><article class=\"wtrShtLastNewsModern\"><div class=\"wtrShtLastNewsModernBox\"><div><div class=\"wtrShtLastNewsModernBoxDate wtrShtLastNewsModernBoxAnimation\" >10:07<\/div><h2 class=\"wtrShtLastNewsModernBoxHedaline wtrShtLastNewsModernBoxAnimation\"><a href=\"https:\/\/tausgym.nl\/en\/nieuws\/nieuwsbrief-lente-2026-kids-jongeren\/\">Newsletter spring 2026 kids &amp; youngsters<\/a><\/h2><div class=\"wtrShtLastNewsModernBoxOthers wtrShtLastNewsModernBoxAnimation clearfix\"><div class=\"wtrShtLastNewsModernBoxOthersContainer clearfix\"><a href=\"https:\/\/tausgym.nl\/en\/nieuws\/nieuwsbrief-lente-2026-kids-jongeren\/\"><img alt='' src='\/\/www.gravatar.com\/avatar\/cb372f518577fc162097324dcf91ff1e?s=100&#038;r=g&#038;d=mm' srcset='\/\/www.gravatar.com\/avatar\/cb372f518577fc162097324dcf91ff1e?s=100&#038;r=g&#038;d=mm 2x' class='wtrShtLastNewsModernBoxAuthorImg wtrRadius100 avatar-100 photo' height='100' width='100' \/> <\/a><div class=\"wtrShtLastNewsModernBoxAutorContainer\">By <a href=\"https:\/\/tausgym.nl\/en\/author\/emma\/\" class=\"wtrShtLastNewsModernBoxAuthor\">Emma de Wolff<\/a><a class=\"wtrShtLastNewsModernBoxComments\" href=\"https:\/\/tausgym.nl\/en\/nieuws\/nieuwsbrief-lente-2026-kids-jongeren\/#respond\"><i class=\"fa fa-comments\"><\/i>0<\/a><\/div><\/div><\/div><a href=\"https:\/\/tausgym.nl\/en\/nieuws\/nieuwsbrief-lente-2026-kids-jongeren\/\"><span class=\"wtrPostOverlay wtrShtLastNewsModernBoxAnimation wtrRadius3\"><\/span><img decoding=\"async\" class=\"wtrShtLastNewsModernBoxImg wtrRadius3\" alt=\"\" src=\"https:\/\/tausgym.nl\/wp-content\/uploads\/2026\/04\/IMG_3372_polarr-512x512.jpeg\"><\/a><\/div><\/div><\/article><\/div><div><article class=\"wtrShtLastNewsModern\"><div class=\"wtrShtLastNewsModernBox\"><div><div class=\"wtrShtLastNewsModernBoxDate wtrShtLastNewsModernBoxAnimation\" >14:59<\/div><h2 class=\"wtrShtLastNewsModernBoxHedaline wtrShtLastNewsModernBoxAnimation\"><a href=\"https:\/\/tausgym.nl\/en\/nieuws\/nieuwsbrief-lente-2026\/\">Newsletter spring 2026<\/a><\/h2><div class=\"wtrShtLastNewsModernBoxOthers wtrShtLastNewsModernBoxAnimation clearfix\"><div class=\"wtrShtLastNewsModernBoxOthersContainer clearfix\"><a href=\"https:\/\/tausgym.nl\/en\/nieuws\/nieuwsbrief-lente-2026\/\"><img alt='' src='\/\/www.gravatar.com\/avatar\/cb372f518577fc162097324dcf91ff1e?s=100&#038;r=g&#038;d=mm' srcset='\/\/www.gravatar.com\/avatar\/cb372f518577fc162097324dcf91ff1e?s=100&#038;r=g&#038;d=mm 2x' class='wtrShtLastNewsModernBoxAuthorImg wtrRadius100 avatar-100 photo' height='100' width='100' \/> <\/a><div class=\"wtrShtLastNewsModernBoxAutorContainer\">By <a href=\"https:\/\/tausgym.nl\/en\/author\/emma\/\" class=\"wtrShtLastNewsModernBoxAuthor\">Emma de Wolff<\/a><a class=\"wtrShtLastNewsModernBoxComments\" href=\"https:\/\/tausgym.nl\/en\/nieuws\/nieuwsbrief-lente-2026\/#respond\"><i class=\"fa fa-comments\"><\/i>0<\/a><\/div><\/div><\/div><a href=\"https:\/\/tausgym.nl\/en\/nieuws\/nieuwsbrief-lente-2026\/\"><span class=\"wtrPostOverlay wtrShtLastNewsModernBoxAnimation wtrRadius3\"><\/span><img decoding=\"async\" class=\"wtrShtLastNewsModernBoxImg wtrRadius3\" alt=\"\" src=\"https:\/\/tausgym.nl\/wp-content\/uploads\/2026\/03\/IMG_8917_polarr-512x512.jpeg\"><\/a><\/div><\/div><\/article><\/div><div><article class=\"wtrShtLastNewsModern\"><div class=\"wtrShtLastNewsModernBox\"><div><div class=\"wtrShtLastNewsModernBoxDate wtrShtLastNewsModernBoxAnimation\" >10:16<\/div><h2 class=\"wtrShtLastNewsModernBoxHedaline wtrShtLastNewsModernBoxAnimation\"><a href=\"https:\/\/tausgym.nl\/en\/nieuws\/nieuwsbrief-winter-2026\/\">Newsletter winter 2026<\/a><\/h2><div class=\"wtrShtLastNewsModernBoxOthers wtrShtLastNewsModernBoxAnimation clearfix\"><div class=\"wtrShtLastNewsModernBoxOthersContainer clearfix\"><a href=\"https:\/\/tausgym.nl\/en\/nieuws\/nieuwsbrief-winter-2026\/\"><img alt='' src='\/\/www.gravatar.com\/avatar\/cb372f518577fc162097324dcf91ff1e?s=100&#038;r=g&#038;d=mm' srcset='\/\/www.gravatar.com\/avatar\/cb372f518577fc162097324dcf91ff1e?s=100&#038;r=g&#038;d=mm 2x' class='wtrShtLastNewsModernBoxAuthorImg wtrRadius100 avatar-100 photo' height='100' width='100' \/> <\/a><div class=\"wtrShtLastNewsModernBoxAutorContainer\">By <a href=\"https:\/\/tausgym.nl\/en\/author\/emma\/\" class=\"wtrShtLastNewsModernBoxAuthor\">Emma de Wolff<\/a><a class=\"wtrShtLastNewsModernBoxComments\" href=\"https:\/\/tausgym.nl\/en\/nieuws\/nieuwsbrief-winter-2026\/#respond\"><i class=\"fa fa-comments\"><\/i>0<\/a><\/div><\/div><\/div><a href=\"https:\/\/tausgym.nl\/en\/nieuws\/nieuwsbrief-winter-2026\/\"><span class=\"wtrPostOverlay wtrShtLastNewsModernBoxAnimation wtrRadius3\"><\/span><img decoding=\"async\" class=\"wtrShtLastNewsModernBoxImg wtrRadius3\" alt=\"\" src=\"https:\/\/tausgym.nl\/wp-content\/uploads\/2024\/05\/FIT-champions16-e1767597040277-512x413.jpg\"><\/a><\/div><\/div><\/article><\/div><div><article class=\"wtrShtLastNewsModern\"><div class=\"wtrShtLastNewsModernBox\"><div><div class=\"wtrShtLastNewsModernBoxDate wtrShtLastNewsModernBoxAnimation\" >17:33<\/div><h2 class=\"wtrShtLastNewsModernBoxHedaline wtrShtLastNewsModernBoxAnimation\"><a href=\"https:\/\/tausgym.nl\/en\/nieuws\/nieuwsbrief-herfst-2025\/\">Newsletter autumn 2025<\/a><\/h2><div class=\"wtrShtLastNewsModernBoxOthers wtrShtLastNewsModernBoxAnimation clearfix\"><div class=\"wtrShtLastNewsModernBoxOthersContainer clearfix\"><a href=\"https:\/\/tausgym.nl\/en\/nieuws\/nieuwsbrief-herfst-2025\/\"><img alt='' src='\/\/www.gravatar.com\/avatar\/cb372f518577fc162097324dcf91ff1e?s=100&#038;r=g&#038;d=mm' srcset='\/\/www.gravatar.com\/avatar\/cb372f518577fc162097324dcf91ff1e?s=100&#038;r=g&#038;d=mm 2x' class='wtrShtLastNewsModernBoxAuthorImg wtrRadius100 avatar-100 photo' height='100' width='100' \/> <\/a><div class=\"wtrShtLastNewsModernBoxAutorContainer\">By <a href=\"https:\/\/tausgym.nl\/en\/author\/emma\/\" class=\"wtrShtLastNewsModernBoxAuthor\">Emma de Wolff<\/a><a class=\"wtrShtLastNewsModernBoxComments\" href=\"https:\/\/tausgym.nl\/en\/nieuws\/nieuwsbrief-herfst-2025\/#respond\"><i class=\"fa fa-comments\"><\/i>0<\/a><\/div><\/div><\/div><a href=\"https:\/\/tausgym.nl\/en\/nieuws\/nieuwsbrief-herfst-2025\/\"><span class=\"wtrPostOverlay wtrShtLastNewsModernBoxAnimation wtrRadius3\"><\/span><img decoding=\"async\" class=\"wtrShtLastNewsModernBoxImg wtrRadius3\" alt=\"\" src=\"https:\/\/tausgym.nl\/wp-content\/uploads\/2024\/02\/gws2-e1758697343394-512x512.jpg\"><\/a><\/div><\/div><\/article><\/div><\/div><\/div><div class=\"vc_empty_space\"   style=\"height: 27px\"><span class=\"vc_empty_space_inner\"><\/span><\/div>\n\t\t<\/div> \n\t<\/div> <\/div><\/div><\/div>","protected":false},"excerpt":{"rendered":"De zomer ligt inmiddels achter ons en wat hebben we veel beleefd! Van de media-aandacht bij RTL Nieuws en Omroep Brabant tot onze nieuwe Too Good To Go-box. In deze nieuwsbrief blikken we terug op de hoogtepunten van de afgelopen maanden en kijken we vooruit naar alles wat er dit najaar op de planning staat. &nbsp; We vertellen je meer over de nieuwe stagiair: Eva, de vakantie roosters voor de herfst- en kerstvakantie, de nieuwe Women Only cursus en natuurlijk de examens die eraan komen. Kortom: genoeg te delen om de herfst met volle energie te starten &nbsp; Lees snel verder om niks te missen! Terugblik zomer De zomer van 2025 bracht ons weer een hoop bijzondere momenten. Zo stonden we in de schijnwerpers bij RTL Nieuws en Omroep Brabant, genoten we samen van een gezellige zomerborrel en gingen we aan de slag met nieuwe initiatieven zoals de Too Good To Go-box. \u200e Hieronder vind je een overzicht van deze hoogtepunten en meer herinneringen uit de afgelopen maanden. RTL Nieuws &amp; Omroep Brabant Deze zomer was er veel media-aandacht voor zelfverdediging. Zowel RTL Nieuws als Omroep Brabant besteedden aandacht aan het groeiende belang van weerbaarheidstrainingen. In beide items kwam ook Taus Gym voorbij. Fontys Krav Maga &amp; Teambuilding workshop Met een groep studenten van Fontys organiseerden we een middag vol Krav Maga en teambuilding. Het was een energieke en leerzame ervaring, waarin samenwerken en grenzen verleggen centraal stonden. Workshop speciaal voor onze leden: AI in je training We hebben iets bijzonders op de planning staan! &nbsp; Op zondag 26 oktober van 13:00 tot uiterlijk 16:00u komt Bas Michielsen naar onze hoofdlocatie in Tilburg (Professor Romeinstraat 11a) om een workshop te geven over het gebruik van AI-tools. Bas is een echte expert op dit gebied en hij biedt deze workshop exclusief en kosteloos aan voor onze leden. Super mooi dat hij dit voor ons wilt doen! &nbsp; Tijdens de middag ontdek je hoe je met tools zoals ChatGPT: eenvoudig je eigen trainingsschema\u2019s maakt beter overzicht houdt over je doelen en progressie leert om slimme vragen te stellen aan AI veilig en bewust met deze technologie aan de slag gaat. Tijdens de middag ontdek je hoe je met tools zoals ChatGPT: eenvoudig je eigen trainingsschema\u2019s maakt beter overzicht houdt over je doelen en progressie leert om slimme vragen te stellen aan AI veilig en bewust met deze technologie aan de slag gaat. &nbsp; Wij zijn Bas erg dankbaar dat hij zijn kennis met ons deelt. Het belooft een leerzame \u00e9n inspirerende middag te worden. &nbsp; Aanmelden kan via het contactformulier op de website, tot en met 13 oktober. &nbsp; Er is een maximaal aantal plaatsen beschikbaar,\u00a0dus\u00a0vol\u00a0=\u00a0vol. Stage Eva Sinds kort loopt Eva stage bij Taus Gym. Je zult haar de komende tijd regelmatig tegenkomen in de gym en tijdens verschillende lessen. In deze nieuwsbrief stelt ze zichzelf graag aan jullie voor: Hoi allemaal! Mijn naam is Eva Dielemans, 17 jaar en woonachtig in Deurne. Sinds eind augustus loop ik stage bij Taus Gym en volg ik het tweede jaar van de opleiding Sport en Bewegen op Yonder. &nbsp; De komende tijd zullen jullie mij vaker zien rondlopen op maandag, dinsdag en woensdag op de hoofdlocatie in Tilburg. Ik kijk ernaar uit om veel te leren, mezelf te ontwikkelen en natuurlijk om jullie allemaal beter te leren kennen. Spreek me gerust aan als je me tegenkomt in de gym. Ik vind het leuk om kennis te maken en samen een gezellige en sportieve tijd tegemoet\u00a0te\u00a0gaan! Samen delen: de nieuwe Too Good To Go-box Op onze hoofdlocatie in Tilburg vind je sinds kort de Too Good To Go-box: een initiatief van de community, voor de community. Het idee is eenvoudig: spullen die je zelf niet meer gebruikt maar die nog prima een tweede leven verdienen, leg je in de box. Denk aan sportkleding die niet meer past, accessoires of handige items. Andere leden kunnen er vervolgens iets uithalen wat zij goed kunnen gebruiken. Zo dragen we samen bij aan duurzaamheid en versterken we de verbondenheid binnen onze community. We hopen dat de box volop gebruikt gaat worden: geven \u00e9n nemen. Wat voor de \u00e9\u00e9n overbodig is, kan voor de ander precies zijn wat nodig is. \u200e Let op: laat persoonlijke spullen zoals bitjes of toques liever thuis. Alles wat in de box ligt, gebruik je bovendien op eigen risico, Taus Gym is niet aansprakelijk voor schade of defecten. \u200e En vergeet niet ook af en toe een blik te werpen in de gevonden voorwerpen-box. Je wilt niet weten wat voor waardevolle spullen we daar soms in terugvinden\u2026 Nieuwe website Taus Gym Je hebt het vast al gezien: onze nieuwe website staat live! Met een frisse uitstraling, betere structuur en duidelijke informatie is het nu n\u00f3g makkelijker om alles te vinden wat je zoekt. Wat is er onder andere verbeterd? Een overzichtelijke homepage met al onze trainingen en lidmaatschappen. Nieuwe teksten en foto\u2019s die beter laten zien wie we zijn en wat we doen. Handige online formulieren voor proeflessen en inschrijvingen. Meer focus op gebruiksgemak en sfeer, zodat je direct een goed beeld krijgt van onze gym. Neem snel een kijkje op www.tausgym.nl en laat ons weten wat je ervan vindt, feedback is altijd welkom! Afscheid &amp; dankNa bijna 10 jaar nemen we afscheid van onze websitebeheerder en hostingpartij Stofloos. We kijken terug op een fijne samenwerking, maar het was tijd voor een nieuw pad. We zijn ontzettend blij met onze nieuwe websitepartner Byrt.nl, van ons eigen bekende gezicht in de gym: Michael Rademaker. Samen met hem hebben we de nieuwe site gerealiseerd. \u200e Daarnaast een grote dank aan ons lid Maarten Zijlmans van Trender.nl voor alle tips en tools die we mochten gebruiken, \u00e9n natuurlijk aan onze eigen Emma, die het grootste deel van het werk heeft verzet om alles zo strak en duidelijk mogelijk neer te zetten. Nieuwjaarsborrel We luiden het nieuwe jaar graag feestelijk in, samen met jou! Tijdens onze jaarlijkse ledenborrel blikken we kort terug op 2025 \u00e9n proosten we [...]","protected":false},"author":3,"featured_media":0,"parent":0,"menu_order":0,"comment_status":"closed","ping_status":"closed","template":"","meta":{"_bbp_topic_count":0,"_bbp_reply_count":0,"_bbp_total_topic_count":0,"_bbp_total_reply_count":0,"_bbp_voice_count":0,"_bbp_anonymous_reply_count":0,"_bbp_topic_count_hidden":0,"_bbp_reply_count_hidden":0,"_bbp_forum_subforum_count":0,"inline_featured_image":false,"footnotes":""},"categories":[],"tags":[],"class_list":["post-10286","page","type-page","status-publish","hentry"],"yoast_head":"<!-- This site is optimized with the Yoast SEO plugin v27.2 - https:\/\/yoast.com\/product\/yoast-seo-wordpress\/ -->\n<title>De sportschool in het centrum van Tilburg en Breda - Taus Gym<\/title>\n<meta name=\"description\" content=\"Wij zijn een sportschool voor een ieder die het beste uit zichzelf wil halen. Wij motiveren en begeleiden jou om je sportdoelen om te zetten in daden!\" \/>\n<meta name=\"robots\" content=\"index, follow, max-snippet:-1, max-image-preview:large, max-video-preview:-1\" \/>\n<link rel=\"canonical\" href=\"https:\/\/tausgym.nl\/en\/\" \/>\n<meta property=\"og:locale\" content=\"en_GB\" \/>\n<meta property=\"og:type\" content=\"article\" \/>\n<meta property=\"og:title\" content=\"De sportschool in het centrum van Tilburg en Breda - Taus Gym\" \/>\n<meta property=\"og:description\" content=\"Wij zijn een sportschool voor een ieder die het beste uit zichzelf wil halen. Wij motiveren en begeleiden jou om je sportdoelen om te zetten in daden!\" \/>\n<meta property=\"og:url\" content=\"https:\/\/tausgym.nl\/en\/\" \/>\n<meta property=\"og:site_name\" content=\"Taus Gym\" \/>\n<meta property=\"article:publisher\" content=\"https:\/\/www.facebook.com\/Taus-Gym-1094745360537644\/\" \/>\n<meta property=\"article:modified_time\" content=\"2025-10-06T07:45:43+00:00\" \/>\n<meta property=\"og:image\" content=\"https:\/\/www.tausgym.nl\/wp-content\/uploads\/2018\/03\/12507164_1095212207157626_6280883810918104434_n.jpg\" \/>\n<meta name=\"twitter:card\" content=\"summary_large_image\" \/>\n<meta name=\"twitter:label1\" content=\"Estimated reading time\" \/>\n\t<meta name=\"twitter:data1\" content=\"2 minutes\" \/>\n<script type=\"application\/ld+json\" class=\"yoast-schema-graph\">{\"@context\":\"https:\/\/schema.org\",\"@graph\":[{\"@type\":\"WebPage\",\"@id\":\"https:\/\/tausgym.nl\/\",\"url\":\"https:\/\/tausgym.nl\/\",\"name\":\"De sportschool in het centrum van Tilburg en Breda - Taus Gym\",\"isPartOf\":{\"@id\":\"https:\/\/tausgym.nl\/#website\"},\"datePublished\":\"2022-01-23T14:58:05+00:00\",\"dateModified\":\"2025-10-06T07:45:43+00:00\",\"description\":\"Wij zijn een sportschool voor een ieder die het beste uit zichzelf wil halen. Wij motiveren en begeleiden jou om je sportdoelen om te zetten in daden!\",\"breadcrumb\":{\"@id\":\"https:\/\/tausgym.nl\/#breadcrumb\"},\"inLanguage\":\"en-GB\",\"potentialAction\":[{\"@type\":\"ReadAction\",\"target\":[\"https:\/\/tausgym.nl\/\"]}]},{\"@type\":\"BreadcrumbList\",\"@id\":\"https:\/\/tausgym.nl\/#breadcrumb\",\"itemListElement\":[{\"@type\":\"ListItem\",\"position\":1,\"name\":\"Home\",\"item\":\"https:\/\/tausgym.nl\/\"},{\"@type\":\"ListItem\",\"position\":2,\"name\":\"Taus Gym\"}]},{\"@type\":\"WebSite\",\"@id\":\"https:\/\/tausgym.nl\/#website\",\"url\":\"https:\/\/tausgym.nl\/\",\"name\":\"Taus Gym\",\"description\":\"De sportschool in het centrum van Tilburg en Breda\",\"potentialAction\":[{\"@type\":\"SearchAction\",\"target\":{\"@type\":\"EntryPoint\",\"urlTemplate\":\"https:\/\/tausgym.nl\/?s={search_term_string}\"},\"query-input\":{\"@type\":\"PropertyValueSpecification\",\"valueRequired\":true,\"valueName\":\"search_term_string\"}}],\"inLanguage\":\"en-GB\"}]}<\/script>\n<!-- \/ Yoast SEO plugin. -->","yoast_head_json":{"title":"The gym in the centre of Tilburg and Breda - Taus Gym","description":"We are a gym for anyone who wants to get the best out of themselves. We motivate and guide you to turn your sporting goals into action!","robots":{"index":"index","follow":"follow","max-snippet":"max-snippet:-1","max-image-preview":"max-image-preview:large","max-video-preview":"max-video-preview:-1"},"canonical":"https:\/\/tausgym.nl\/en\/","og_locale":"en_GB","og_type":"article","og_title":"De sportschool in het centrum van Tilburg en Breda - Taus Gym","og_description":"Wij zijn een sportschool voor een ieder die het beste uit zichzelf wil halen. Wij motiveren en begeleiden jou om je sportdoelen om te zetten in daden!","og_url":"https:\/\/tausgym.nl\/en\/","og_site_name":"Taus Gym","article_publisher":"https:\/\/www.facebook.com\/Taus-Gym-1094745360537644\/","article_modified_time":"2025-10-06T07:45:43+00:00","og_image":[{"url":"https:\/\/www.tausgym.nl\/wp-content\/uploads\/2018\/03\/12507164_1095212207157626_6280883810918104434_n.jpg","type":"","width":"","height":""}],"twitter_card":"summary_large_image","twitter_misc":{"Estimated reading time":"2 minutes"},"schema":{"@context":"https:\/\/schema.org","@graph":[{"@type":"WebPage","@id":"https:\/\/tausgym.nl\/","url":"https:\/\/tausgym.nl\/","name":"The gym in the centre of Tilburg and Breda - Taus Gym","isPartOf":{"@id":"https:\/\/tausgym.nl\/#website"},"datePublished":"2022-01-23T14:58:05+00:00","dateModified":"2025-10-06T07:45:43+00:00","description":"We are a gym for anyone who wants to get the best out of themselves. We motivate and guide you to turn your sporting goals into action!","breadcrumb":{"@id":"https:\/\/tausgym.nl\/#breadcrumb"},"inLanguage":"en-GB","potentialAction":[{"@type":"ReadAction","target":["https:\/\/tausgym.nl\/"]}]},{"@type":"BreadcrumbList","@id":"https:\/\/tausgym.nl\/#breadcrumb","itemListElement":[{"@type":"ListItem","position":1,"name":"Home","item":"https:\/\/tausgym.nl\/"},{"@type":"ListItem","position":2,"name":"Taus Gym"}]},{"@type":"WebSite","@id":"https:\/\/tausgym.nl\/#website","url":"https:\/\/tausgym.nl\/","name":"Taus Gym","description":"The gym in the centre of Tilburg and Breda","potentialAction":[{"@type":"SearchAction","target":{"@type":"EntryPoint","urlTemplate":"https:\/\/tausgym.nl\/?s={search_term_string}"},"query-input":{"@type":"PropertyValueSpecification","valueRequired":true,"valueName":"search_term_string"}}],"inLanguage":"en-GB"}]}},"_links":{"self":[{"href":"https:\/\/tausgym.nl\/en\/wp-json\/wp\/v2\/pages\/10286","targetHints":{"allow":["GET"]}}],"collection":[{"href":"https:\/\/tausgym.nl\/en\/wp-json\/wp\/v2\/pages"}],"about":[{"href":"https:\/\/tausgym.nl\/en\/wp-json\/wp\/v2\/types\/page"}],"author":[{"embeddable":true,"href":"https:\/\/tausgym.nl\/en\/wp-json\/wp\/v2\/users\/3"}],"replies":[{"embeddable":true,"href":"https:\/\/tausgym.nl\/en\/wp-json\/wp\/v2\/comments?post=10286"}],"version-history":[{"count":499,"href":"https:\/\/tausgym.nl\/en\/wp-json\/wp\/v2\/pages\/10286\/revisions"}],"predecessor-version":[{"id":15502,"href":"https:\/\/tausgym.nl\/en\/wp-json\/wp\/v2\/pages\/10286\/revisions\/15502"}],"wp:attachment":[{"href":"https:\/\/tausgym.nl\/en\/wp-json\/wp\/v2\/media?parent=10286"}],"wp:term":[{"taxonomy":"category","embeddable":true,"href":"https:\/\/tausgym.nl\/en\/wp-json\/wp\/v2\/categories?post=10286"},{"taxonomy":"post_tag","embeddable":true,"href":"https:\/\/tausgym.nl\/en\/wp-json\/wp\/v2\/tags?post=10286"}],"curies":[{"name":"wp","href":"https:\/\/api.w.org\/{rel}","templated":true}]}}